{"id":366,"date":"2024-01-29T12:22:19","date_gmt":"2024-01-29T15:22:19","guid":{"rendered":"https:\/\/olharnoespectro.net\/?page_id=366"},"modified":"2024-09-04T12:46:18","modified_gmt":"2024-09-04T15:46:18","slug":"aula-gratis-construindo-conexoes","status":"publish","type":"page","link":"https:\/\/olharnoespectro.net\/index.php\/aula-gratis-construindo-conexoes\/","title":{"rendered":"AULA GRATIS &#8211; CONSTRUINDO CONEX\u00d5ES"},"content":{"rendered":"\t\t<div data-elementor-type=\"wp-page\" data-elementor-id=\"366\" class=\"elementor elementor-366\">\n\t\t\t\t<div class=\"elementor-element elementor-element-381f2ae e-flex e-con-boxed e-con e-parent\" data-id=\"381f2ae\" data-element_type=\"container\" data-e-type=\"container\">\n\t\t\t\t\t<div class=\"e-con-inner\">\n\t\t\t\t<div class=\"elementor-element elementor-element-9a81b68 elementor-widget elementor-widget-image\" data-id=\"9a81b68\" data-element_type=\"widget\" data-e-type=\"widget\" data-widget_type=\"image.default\">\n\t\t\t\t<div class=\"elementor-widget-container\">\n\t\t\t\t\t\t\t\t\t\t\t\t\t\t\t<img fetchpriority=\"high\" decoding=\"async\" width=\"1024\" height=\"512\" src=\"https:\/\/olharnoespectro.net\/wp-content\/uploads\/2024\/02\/assista-a-aula-gratuita-1-3-1024x512.png\" class=\"attachment-large size-large wp-image-499\" alt=\"\" srcset=\"https:\/\/olharnoespectro.net\/wp-content\/uploads\/2024\/02\/assista-a-aula-gratuita-1-3-1024x512.png 1024w, https:\/\/olharnoespectro.net\/wp-content\/uploads\/2024\/02\/assista-a-aula-gratuita-1-3-300x150.png 300w, https:\/\/olharnoespectro.net\/wp-content\/uploads\/2024\/02\/assista-a-aula-gratuita-1-3-768x384.png 768w, https:\/\/olharnoespectro.net\/wp-content\/uploads\/2024\/02\/assista-a-aula-gratuita-1-3-1536x768.png 1536w, https:\/\/olharnoespectro.net\/wp-content\/uploads\/2024\/02\/assista-a-aula-gratuita-1-3-2048x1024.png 2048w\" sizes=\"(max-width: 1024px) 100vw, 1024px\" \/>\t\t\t\t\t\t\t\t\t\t\t\t\t\t\t<\/div>\n\t\t\t\t<\/div>\n\t\t\t\t<div class=\"elementor-element elementor-element-2480333 elementor-mobile-align-center elementor-align-center elementor-widget elementor-widget-button\" data-id=\"2480333\" data-element_type=\"widget\" data-e-type=\"widget\" data-widget_type=\"button.default\">\n\t\t\t\t<div class=\"elementor-widget-container\">\n\t\t\t\t\t\t\t\t\t<div class=\"elementor-button-wrapper\">\n\t\t\t\t\t<a class=\"elementor-button elementor-button-link elementor-size-sm\" href=\"https:\/\/olharnoespectro.net\/index.php\/construindo-conexoes\/\">\n\t\t\t\t\t\t<span class=\"elementor-button-content-wrapper\">\n\t\t\t\t\t\t\t\t\t<span class=\"elementor-button-text\">CONHE\u00c7A NOSSO CURSO COMPLETO<\/span>\n\t\t\t\t\t<\/span>\n\t\t\t\t\t<\/a>\n\t\t\t\t<\/div>\n\t\t\t\t\t\t\t\t<\/div>\n\t\t\t\t<\/div>\n\t\t\t\t\t<\/div>\n\t\t\t\t<\/div>\n\t\t<div class=\"elementor-element elementor-element-5f1f43d e-flex e-con-boxed e-con e-parent\" data-id=\"5f1f43d\" data-element_type=\"container\" data-e-type=\"container\">\n\t\t\t\t\t<div class=\"e-con-inner\">\n\t\t\t\t<div class=\"elementor-element elementor-element-3559fd3 elementor-widget elementor-widget-video\" data-id=\"3559fd3\" data-element_type=\"widget\" data-e-type=\"widget\" data-settings=\"{&quot;youtube_url&quot;:&quot;https:\\\/\\\/youtu.be\\\/_9l5wVJCS4w&quot;,&quot;video_type&quot;:&quot;youtube&quot;,&quot;controls&quot;:&quot;yes&quot;}\" data-widget_type=\"video.default\">\n\t\t\t\t<div class=\"elementor-widget-container\">\n\t\t\t\t\t\t\t<div class=\"elementor-wrapper elementor-open-inline\">\n\t\t\t<div class=\"elementor-video\"><\/div>\t\t<\/div>\n\t\t\t\t\t\t<\/div>\n\t\t\t\t<\/div>\n\t\t\t\t\t<\/div>\n\t\t\t\t<\/div>\n\t\t<div class=\"elementor-element elementor-element-f939392 e-flex e-con-boxed e-con e-parent\" data-id=\"f939392\" data-element_type=\"container\" data-e-type=\"container\">\n\t\t\t\t\t<div class=\"e-con-inner\">\n\t\t\t\t<div class=\"elementor-element elementor-element-942abdd elementor-widget elementor-widget-video\" data-id=\"942abdd\" data-element_type=\"widget\" data-e-type=\"widget\" data-settings=\"{&quot;youtube_url&quot;:&quot;https:\\\/\\\/youtu.be\\\/r2D99OQnboA&quot;,&quot;video_type&quot;:&quot;youtube&quot;,&quot;controls&quot;:&quot;yes&quot;}\" data-widget_type=\"video.default\">\n\t\t\t\t<div class=\"elementor-widget-container\">\n\t\t\t\t\t\t\t<div class=\"elementor-wrapper elementor-open-inline\">\n\t\t\t<div class=\"elementor-video\"><\/div>\t\t<\/div>\n\t\t\t\t\t\t<\/div>\n\t\t\t\t<\/div>\n\t\t\t\t\t<\/div>\n\t\t\t\t<\/div>\n\t\t<div class=\"elementor-element elementor-element-5b7ee2f e-flex e-con-boxed e-con e-parent\" data-id=\"5b7ee2f\" data-element_type=\"container\" data-e-type=\"container\">\n\t\t\t\t\t<div class=\"e-con-inner\">\n\t\t\t\t<div class=\"elementor-element elementor-element-854532d elementor-widget elementor-widget-video\" data-id=\"854532d\" data-element_type=\"widget\" data-e-type=\"widget\" data-settings=\"{&quot;youtube_url&quot;:&quot;https:\\\/\\\/youtu.be\\\/HWMS6P2jzX8&quot;,&quot;video_type&quot;:&quot;youtube&quot;,&quot;controls&quot;:&quot;yes&quot;}\" data-widget_type=\"video.default\">\n\t\t\t\t<div class=\"elementor-widget-container\">\n\t\t\t\t\t\t\t<div class=\"elementor-wrapper elementor-open-inline\">\n\t\t\t<div class=\"elementor-video\"><\/div>\t\t<\/div>\n\t\t\t\t\t\t<\/div>\n\t\t\t\t<\/div>\n\t\t\t\t\t<\/div>\n\t\t\t\t<\/div>\n\t\t<div class=\"elementor-element elementor-element-1654a85 e-flex e-con-boxed e-con e-parent\" data-id=\"1654a85\" data-element_type=\"container\" data-e-type=\"container\">\n\t\t\t\t\t<div class=\"e-con-inner\">\n\t\t\t\t<div class=\"elementor-element elementor-element-0b6878e elementor-mobile-align-center elementor-align-center elementor-widget elementor-widget-button\" data-id=\"0b6878e\" data-element_type=\"widget\" data-e-type=\"widget\" data-widget_type=\"button.default\">\n\t\t\t\t<div class=\"elementor-widget-container\">\n\t\t\t\t\t\t\t\t\t<div class=\"elementor-button-wrapper\">\n\t\t\t\t\t<a class=\"elementor-button elementor-button-link elementor-size-sm\" href=\"https:\/\/olharnoespectro.net\/index.php\/construindo-conexoes\/\">\n\t\t\t\t\t\t<span class=\"elementor-button-content-wrapper\">\n\t\t\t\t\t\t\t\t\t<span class=\"elementor-button-text\">CONHE\u00c7A NOSSO CURSO COMPLETO<\/span>\n\t\t\t\t\t<\/span>\n\t\t\t\t\t<\/a>\n\t\t\t\t<\/div>\n\t\t\t\t\t\t\t\t<\/div>\n\t\t\t\t<\/div>\n\t\t\t\t<div class=\"elementor-element elementor-element-bc207b0 elementor-widget elementor-widget-image\" data-id=\"bc207b0\" data-element_type=\"widget\" data-e-type=\"widget\" data-widget_type=\"image.default\">\n\t\t\t\t<div class=\"elementor-widget-container\">\n\t\t\t\t\t\t\t\t\t\t\t\t\t\t\t<img decoding=\"async\" width=\"1024\" height=\"512\" src=\"https:\/\/olharnoespectro.net\/wp-content\/uploads\/2024\/02\/assista-a-aula-gratuita-1-1-1024x512.png\" class=\"attachment-large size-large wp-image-433\" alt=\"\" srcset=\"https:\/\/olharnoespectro.net\/wp-content\/uploads\/2024\/02\/assista-a-aula-gratuita-1-1-1024x512.png 1024w, https:\/\/olharnoespectro.net\/wp-content\/uploads\/2024\/02\/assista-a-aula-gratuita-1-1-300x150.png 300w, https:\/\/olharnoespectro.net\/wp-content\/uploads\/2024\/02\/assista-a-aula-gratuita-1-1-768x384.png 768w, https:\/\/olharnoespectro.net\/wp-content\/uploads\/2024\/02\/assista-a-aula-gratuita-1-1-1536x768.png 1536w, https:\/\/olharnoespectro.net\/wp-content\/uploads\/2024\/02\/assista-a-aula-gratuita-1-1-2048x1024.png 2048w\" sizes=\"(max-width: 1024px) 100vw, 1024px\" \/>\t\t\t\t\t\t\t\t\t\t\t\t\t\t\t<\/div>\n\t\t\t\t<\/div>\n\t\t\t\t<div class=\"elementor-element elementor-element-79b5241 elementor-widget elementor-widget-text-editor\" data-id=\"79b5241\" data-element_type=\"widget\" data-e-type=\"widget\" data-widget_type=\"text-editor.default\">\n\t\t\t\t<div class=\"elementor-widget-container\">\n\t\t\t\t\t\t\t\t\t<h6>Preparamos ainda um presente muito especial para voc\u00ea! Registre seu e-mail no formul\u00e1rio abaixo e receba gratuitamente dois livros:<\/h6><h6><strong>1) Al\u00e9m do Diagn\u00f3stico: Transformando a vida de Bento<\/strong><\/h6><p><strong>2) Al\u00e9m da Escurid\u00e3o: Porque homens temem mais o diagn\u00f3stico de autismo no filho<\/strong><\/p>\t\t\t\t\t\t\t\t<\/div>\n\t\t\t\t<\/div>\n\t\t\t\t\t<\/div>\n\t\t\t\t<\/div>\n\t\t<div class=\"elementor-element elementor-element-fc432ba e-flex e-con-boxed e-con e-parent\" data-id=\"fc432ba\" data-element_type=\"container\" data-e-type=\"container\">\n\t\t\t\t\t<div class=\"e-con-inner\">\n\t\t\t\t<div class=\"elementor-element elementor-element-03c024f elementor-widget elementor-widget-wpforms\" data-id=\"03c024f\" data-element_type=\"widget\" data-e-type=\"widget\" data-widget_type=\"wpforms.default\">\n\t\t\t\t<div class=\"elementor-widget-container\">\n\t\t\t\t\t<div class=\"wpforms-container wpforms-container-full wpforms-render-modern\" id=\"wpforms-606\"><form id=\"wpforms-form-606\" class=\"wpforms-validate wpforms-form wpforms-ajax-form\" data-formid=\"606\" method=\"post\" enctype=\"multipart\/form-data\" action=\"\/index.php\/wp-json\/wp\/v2\/pages\/366\" data-token=\"08ca29a66920a3b46393c10aa6445529\" data-token-time=\"1776923252\"><noscript class=\"wpforms-error-noscript\">Please enable JavaScript in your browser to complete this form.<\/noscript><div id=\"wpforms-error-noscript\" style=\"display: none;\">Please enable JavaScript in your browser to complete this form.<\/div><div class=\"wpforms-field-container\"><div id=\"wpforms-606-field_1-container\" class=\"wpforms-field wpforms-field-name\" data-field-id=\"1\"><label class=\"wpforms-field-label\" for=\"wpforms-606-field_1\">Name <span class=\"wpforms-required-label\" aria-hidden=\"true\">*<\/span><\/label><input type=\"text\" id=\"wpforms-606-field_1\" class=\"wpforms-field-medium wpforms-field-required\" name=\"wpforms[fields][1]\" aria-errormessage=\"wpforms-606-field_1-error\" required><\/div><div id=\"wpforms-606-field_3-container\" class=\"wpforms-field wpforms-field-number\" data-field-id=\"3\"><label class=\"wpforms-field-label\" for=\"wpforms-606-field_3\">Numbers<\/label><input type=\"number\" id=\"wpforms-606-field_3\" class=\"wpforms-field-medium\" name=\"wpforms[fields][3]\" step=\"any\" aria-errormessage=\"wpforms-606-field_3-error\" ><\/div>\t\t<div id=\"wpforms-606-field_4-container\"\n\t\t\tclass=\"wpforms-field wpforms-field-text\"\n\t\t\tdata-field-type=\"text\"\n\t\t\tdata-field-id=\"4\"\n\t\t\t>\n\t\t\t<label class=\"wpforms-field-label\" for=\"wpforms-606-field_4\" >Email Name Numbers<\/label>\n\t\t\t<input type=\"text\" id=\"wpforms-606-field_4\" class=\"wpforms-field-medium\" name=\"wpforms[fields][4]\" >\n\t\t<\/div>\n\t\t<div id=\"wpforms-606-field_2-container\" class=\"wpforms-field wpforms-field-email\" data-field-id=\"2\"><label class=\"wpforms-field-label\" for=\"wpforms-606-field_2\">Email <span class=\"wpforms-required-label\" aria-hidden=\"true\">*<\/span><\/label><input type=\"email\" id=\"wpforms-606-field_2\" class=\"wpforms-field-medium wpforms-field-required\" name=\"wpforms[fields][2]\" spellcheck=\"false\" aria-errormessage=\"wpforms-606-field_2-error\" required><\/div><script>\n\t\t\t\t( function() {\n\t\t\t\t\tconst style = document.createElement( 'style' );\n\t\t\t\t\tstyle.appendChild( document.createTextNode( '#wpforms-606-field_4-container { position: absolute !important; overflow: hidden !important; display: inline !important; height: 1px !important; width: 1px !important; z-index: -1000 !important; padding: 0 !important; } #wpforms-606-field_4-container input { visibility: hidden; } #wpforms-conversational-form-page #wpforms-606-field_4-container label { counter-increment: none; }' ) );\n\t\t\t\t\tdocument.head.appendChild( style );\n\t\t\t\t\tdocument.currentScript?.remove();\n\t\t\t\t} )();\n\t\t\t<\/script><\/div><!-- .wpforms-field-container --><div class=\"wpforms-submit-container\" ><input type=\"hidden\" name=\"wpforms[id]\" value=\"606\"><input type=\"hidden\" name=\"page_title\" value=\"\"><input type=\"hidden\" name=\"page_url\" value=\"https:\/\/olharnoespectro.net\/index.php\/wp-json\/wp\/v2\/pages\/366\"><input type=\"hidden\" name=\"url_referer\" value=\"\"><button type=\"submit\" name=\"wpforms[submit]\" id=\"wpforms-submit-606\" class=\"wpforms-submit\" data-alt-text=\"Enviando...\" data-submit-text=\"Enviar\" aria-live=\"assertive\" value=\"wpforms-submit\">Enviar<\/button><img decoding=\"async\" src=\"https:\/\/olharnoespectro.net\/wp-content\/plugins\/wpforms-lite\/assets\/images\/submit-spin.svg\" class=\"wpforms-submit-spinner\" style=\"display: none;\" width=\"26\" height=\"26\" alt=\"Loading\"><\/div><\/form><\/div>  <!-- .wpforms-container -->\t\t\t\t<\/div>\n\t\t\t\t<\/div>\n\t\t\t\t<div class=\"elementor-element elementor-element-5d8714b elementor-widget elementor-widget-image\" data-id=\"5d8714b\" data-element_type=\"widget\" data-e-type=\"widget\" data-widget_type=\"image.default\">\n\t\t\t\t<div class=\"elementor-widget-container\">\n\t\t\t\t\t\t\t\t\t\t\t\t\t\t\t<img loading=\"lazy\" decoding=\"async\" width=\"1024\" height=\"205\" src=\"https:\/\/olharnoespectro.net\/wp-content\/uploads\/2024\/02\/Inserir-um-pouquinho-de-texto-1-1024x205.png\" class=\"attachment-large size-large wp-image-532\" alt=\"\" srcset=\"https:\/\/olharnoespectro.net\/wp-content\/uploads\/2024\/02\/Inserir-um-pouquinho-de-texto-1-1024x205.png 1024w, https:\/\/olharnoespectro.net\/wp-content\/uploads\/2024\/02\/Inserir-um-pouquinho-de-texto-1-300x60.png 300w, https:\/\/olharnoespectro.net\/wp-content\/uploads\/2024\/02\/Inserir-um-pouquinho-de-texto-1-768x154.png 768w, https:\/\/olharnoespectro.net\/wp-content\/uploads\/2024\/02\/Inserir-um-pouquinho-de-texto-1-1536x307.png 1536w, https:\/\/olharnoespectro.net\/wp-content\/uploads\/2024\/02\/Inserir-um-pouquinho-de-texto-1.png 2000w\" sizes=\"(max-width: 1024px) 100vw, 1024px\" \/>\t\t\t\t\t\t\t\t\t\t\t\t\t\t\t<\/div>\n\t\t\t\t<\/div>\n\t\t\t\t<div class=\"elementor-element elementor-element-0bef2d0 elementor-mobile-align-center elementor-align-center elementor-widget elementor-widget-button\" data-id=\"0bef2d0\" data-element_type=\"widget\" data-e-type=\"widget\" data-widget_type=\"button.default\">\n\t\t\t\t<div class=\"elementor-widget-container\">\n\t\t\t\t\t\t\t\t\t<div class=\"elementor-button-wrapper\">\n\t\t\t\t\t<a class=\"elementor-button elementor-button-link elementor-size-sm\" href=\"https:\/\/chat.whatsapp.com\/F7Pd8m6FtHVAdBXJz1DZqV\">\n\t\t\t\t\t\t<span class=\"elementor-button-content-wrapper\">\n\t\t\t\t\t\t\t\t\t<span class=\"elementor-button-text\">FA\u00c7A PARTE DO NOSSO GRUPO DE WHATSAPP<\/span>\n\t\t\t\t\t<\/span>\n\t\t\t\t\t<\/a>\n\t\t\t\t<\/div>\n\t\t\t\t\t\t\t\t<\/div>\n\t\t\t\t<\/div>\n\t\t\t\t\t<\/div>\n\t\t\t\t<\/div>\n\t\t\t\t<\/div>\n\t\t","protected":false},"excerpt":{"rendered":"<p>CONHE\u00c7A NOSSO CURSO COMPLETO https:\/\/youtu.be\/_9l5wVJCS4whttps:\/\/youtu.be\/r2D99OQnboAhttps:\/\/youtu.be\/HWMS6P2jzX8 CONHE\u00c7A NOSSO CURSO COMPLETO Preparamos ainda um presente muito especial para voc\u00ea! Registre seu e-mail no formul\u00e1rio abaixo e receba gratuitamente dois livros: 1) Al\u00e9m do Diagn\u00f3stico: Transformando a vida de Bento 2) Al\u00e9m da Escurid\u00e3o: Porque homens temem mais o diagn\u00f3stico de autismo no filho Please enable JavaScript in &#8230; <a title=\"AULA GRATIS &#8211; CONSTRUINDO CONEX\u00d5ES\" class=\"read-more\" href=\"https:\/\/olharnoespectro.net\/index.php\/aula-gratis-construindo-conexoes\/\" aria-label=\"Read more about AULA GRATIS &#8211; CONSTRUINDO CONEX\u00d5ES\">Read more<\/a><\/p>\n","protected":false},"author":1,"featured_media":0,"parent":0,"menu_order":0,"comment_status":"closed","ping_status":"closed","template":"","meta":{"om_disable_all_campaigns":false,"_monsterinsights_skip_tracking":false,"_monsterinsights_sitenote_active":false,"_monsterinsights_sitenote_note":"","_monsterinsights_sitenote_category":0,"_uf_show_specific_survey":0,"_uf_disable_surveys":false,"footnotes":""},"class_list":["post-366","page","type-page","status-publish"],"aioseo_notices":[],"_links":{"self":[{"href":"https:\/\/olharnoespectro.net\/index.php\/wp-json\/wp\/v2\/pages\/366","targetHints":{"allow":["GET"]}}],"collection":[{"href":"https:\/\/olharnoespectro.net\/index.php\/wp-json\/wp\/v2\/pages"}],"about":[{"href":"https:\/\/olharnoespectro.net\/index.php\/wp-json\/wp\/v2\/types\/page"}],"author":[{"embeddable":true,"href":"https:\/\/olharnoespectro.net\/index.php\/wp-json\/wp\/v2\/users\/1"}],"replies":[{"embeddable":true,"href":"https:\/\/olharnoespectro.net\/index.php\/wp-json\/wp\/v2\/comments?post=366"}],"version-history":[{"count":85,"href":"https:\/\/olharnoespectro.net\/index.php\/wp-json\/wp\/v2\/pages\/366\/revisions"}],"predecessor-version":[{"id":612,"href":"https:\/\/olharnoespectro.net\/index.php\/wp-json\/wp\/v2\/pages\/366\/revisions\/612"}],"wp:attachment":[{"href":"https:\/\/olharnoespectro.net\/index.php\/wp-json\/wp\/v2\/media?parent=366"}],"curies":[{"name":"wp","href":"https:\/\/api.w.org\/{rel}","templated":true}]}}